{"id":111837,"date":"2022-08-25T23:54:45","date_gmt":"2022-08-25T21:54:45","guid":{"rendered":"https:\/\/jalix.fr\/?page_id=111837"},"modified":"2022-12-02T02:50:58","modified_gmt":"2022-12-02T01:50:58","slug":"microsoft-azure-cloud","status":"publish","type":"page","link":"https:\/\/jalix.fr\/en\/it-services\/microsoft-azure-cloud\/","title":{"rendered":"Microsoft Azure Cloud"},"content":{"rendered":"<div class=\"wpb-content-wrapper\"><div data-parent=\"true\" class=\"vc_row has-bg need-focus style-color-483103-bg row-container with-parallax\" id=\"row-unique-0\"><div class=\"row-background background-element\">\n\t\t\t\t\t\t\t\t\t\t\t<div class=\"background-wrapper\">\n\t\t\t\t\t\t\t\t\t\t\t\t<div class=\"background-inner\" style=\"background-image: url(https:\/\/jalix.fr\/wp-content\/uploads\/2022\/08\/Communication.jpg);background-repeat: no-repeat;background-position: center bottom;background-size: cover;\"><\/div>\n\t\t\t\t\t\t\t\t\t\t\t\t<div class=\"block-bg-overlay style-color-105898-bg\" style=\"opacity: 0.35;\"><\/div>\n\t\t\t\t\t\t\t\t\t\t\t<\/div>\n\t\t\t\t\t\t\t\t\t\t<\/div><div class=\"row limit-width row-parent\" data-height-ratio=\"75\"><div class=\"wpb_row row-inner\"><div class=\"wpb_column pos-middle pos-center align_center column_parent col-lg-12 half-internal-gutter\"><div class=\"uncol style-spec style-dark\"  ><div class=\"uncoltable\"><div class=\"uncell\" ><div class=\"uncont no-block-padding col-custom-width\" style=\" max-width:996px;\" ><div class=\"vc_custom_heading_wrap\"><div class=\"heading-text el-text\" ><h1 class=\"fontsize-160000 fontspace-135905 text-uppercase\" ><span>Microsoft Azure Cloud<\/span><\/h1><\/div><div class=\"clear\"><\/div><\/div><div class=\"vc_custom_heading_wrap\"><div class=\"heading-text el-text\" ><h2 class=\"font-339240 fontsize-338686\" ><span>Secure, reliable hosting that adapts to your needs<\/span><\/h2><\/div><div class=\"clear\"><\/div><\/div><div class=\"empty-space empty-single\" ><span class=\"empty-space-inner\"><\/span><\/div>\n<\/div><\/div><\/div><\/div><\/div><script id=\"script-row-unique-0\" data-row=\"script-row-unique-0\" type=\"text\/javascript\" class=\"vc_controls\">UNCODE.initRow(document.getElementById(\"row-unique-0\"));<\/script><\/div><\/div><\/div><div data-parent=\"true\" class=\"vc_row has-bg need-focus style-color-xsdn-bg row-container\" id=\"row-unique-1\"><div class=\"row unequal col-double-gutter quad-top-padding single-bottom-padding single-h-padding limit-width row-parent\"><div class=\"wpb_row row-inner\"><div class=\"wpb_column pos-top pos-center align_left column_parent col-lg-6 col-md-50 half-internal-gutter\"><div class=\"uncol style-light\"  ><div class=\"uncoltable\"><div class=\"uncell no-block-padding\" ><div class=\"uncont\" ><div class=\"vc_custom_heading_wrap\"><div class=\"heading-text el-text\" ><h5 class=\"font-613363 fontsize-160000 fontspace-135905 text-accent-color text-uppercase\" ><span>Microsoft Azure Cloud<\/span><\/h5><\/div><div class=\"clear\"><\/div><\/div><div class=\"vc_custom_heading_wrap\"><div class=\"heading-text el-text\" ><h3 class=\"font-339240 fontsize-155944\" ><span>Adopt a multi-cloud strategy<\/span><\/h3><\/div><div class=\"clear\"><\/div><\/div><\/div><\/div><\/div><\/div><\/div><div class=\"wpb_column pos-top pos-center align_left column_parent col-lg-6 half-internal-gutter\"><div class=\"uncol style-light\"  ><div class=\"uncoltable\"><div class=\"uncell no-block-padding\" ><div class=\"uncont\" ><div class=\"empty-space empty-single\" ><span class=\"empty-space-inner\"><\/span><\/div>\n<div class=\"uncode_text_column\" ><p>90% of companies have implemented systems to take advantage of increased agility, optimal security and maximum cost optimisation.<\/p>\n<p>To enable a smooth transition to the cloud, adopt a multi-cloud and hybrid strategy like 75% for medium and large enterprises.<\/p>\n<\/div><\/div><\/div><\/div><\/div><\/div><script id=\"script-row-unique-1\" data-row=\"script-row-unique-1\" type=\"text\/javascript\" class=\"vc_controls\">UNCODE.initRow(document.getElementById(\"row-unique-1\"));<\/script><\/div><\/div><\/div><div data-parent=\"true\" class=\"vc_row has-bg need-focus style-color-xsdn-bg row-container\" id=\"row-unique-2\"><div class=\"row unequal col-double-gutter single-top-padding quad-bottom-padding single-h-padding limit-width row-parent\"><div class=\"wpb_row row-inner\"><div class=\"wpb_column pos-top pos-center align_left column_parent col-lg-6 half-internal-gutter\"><div class=\"uncol style-light\"  ><div class=\"uncoltable\"><div class=\"uncell  vc_custom_1616073778804 vc_custom_preserve_tablet border-accent-color single-block-padding\" style=\"border-style: solid;border-left-width: 2px ;padding-top: 0px ;padding-right: 0px ;padding-bottom: 0px ;\" ><div class=\"uncont\" ><div class=\"vc_custom_heading_wrap\"><div class=\"heading-text el-text\" ><h4 class=\"font-339240\" ><span>PCI \/ PRI Azure<\/span><\/h4><\/div><div class=\"clear\"><\/div><\/div><div class=\"uncode-wrapper uncode-list\" >\n<ul class=\"icons\">\n<li><i class=\"fa fa-check2 text-accent-color\"><\/i>A dedicated IT recovery plan for SMEs.<\/li>\n<\/ul>\n<\/div><\/div><\/div><\/div><\/div><\/div><div class=\"wpb_column pos-top pos-center align_left column_parent col-lg-6 half-internal-gutter\"><div class=\"uncol style-light\"  ><div class=\"uncoltable\"><div class=\"uncell  vc_custom_1616073785306 vc_custom_preserve_tablet border-accent-color single-block-padding\" style=\"border-style: solid;border-left-width: 2px ;padding-top: 0px ;padding-right: 0px ;padding-bottom: 0px ;\" ><div class=\"uncont\" ><div class=\"vc_custom_heading_wrap\"><div class=\"heading-text el-text\" ><h4 class=\"font-339240\" ><span>My desktop in Microsoft Azure Cloud<\/span><\/h4><\/div><div class=\"clear\"><\/div><\/div><div class=\"uncode-wrapper uncode-list\" >\n<ul class=\"icons\">\n<li><i class=\"fa fa-check2 text-accent-color\"><\/i>Working from anywhere on any medium is possible with Azure.<\/li>\n<\/ul>\n<\/div><\/div><\/div><\/div><\/div><\/div><script id=\"script-row-unique-2\" data-row=\"script-row-unique-2\" type=\"text\/javascript\" class=\"vc_controls\">UNCODE.initRow(document.getElementById(\"row-unique-2\"));<\/script><\/div><\/div><\/div><div data-parent=\"true\" class=\"vc_row has-bg need-focus style-color-lxmt-bg row-container\" id=\"row-unique-3\"><div class=\"row unequal col-double-gutter quad-top-padding quad-bottom-padding quad-h-padding full-width row-parent\"><div class=\"wpb_row row-inner\"><div class=\"wpb_column pos-top pos-center align_left column_parent col-lg-6 single-internal-gutter\"><div class=\"uncol style-light animate_when_almost_visible left-t-right\"  data-speed=\"1000\"><div class=\"uncoltable\"><div class=\"uncell no-block-padding\" ><div class=\"uncont\" ><div class=\"uncode-single-media  text-left\" data-cursor=\"icon-accent\"><div class=\"single-wrapper\" style=\"max-width: 100%;\"><div class=\"tmb tmb-light  img-round img-round-xs tmb-img-ratio tmb-media-first tmb-media-last tmb-content-overlay tmb-no-bg\"><div class=\"t-inside\"><div class=\"t-entry-visual\"><div class=\"t-entry-visual-tc\"><div class=\"uncode-single-media-wrapper img-round img-round-xs\"><div class=\"dummy\" style=\"padding-top: 75%;\"><\/div><img decoding=\"async\" class=\"wp-image-111302\" src=\"https:\/\/jalix.fr\/wp-content\/uploads\/2022\/08\/Syste%CC%80me-dinformation-11-uai-1017x763.jpg\" width=\"1017\" height=\"763\" alt=\"\"><\/div>\n\t\t\t\t\t<\/div>\n\t\t\t\t<\/div><\/div><\/div><\/div><\/div><\/div><\/div><\/div><\/div><\/div><div class=\"wpb_column pos-middle pos-left align_left column_parent col-lg-6 half-internal-gutter z_index_2\"><div class=\"uncol style-light font-613363 animate_when_almost_visible alpha-anim\"  data-delay=\"200\" data-speed=\"1000\"><div class=\"uncoltable\"><div class=\"uncell no-block-padding\" ><div class=\"uncont\" style=\" max-width:624px;\" ><div class=\"vc_custom_heading_wrap\"><div class=\"heading-text el-text\" ><h2 class=\"font-339240 fontsize-155944\" ><span>What is Microsoft Azure Cloud?<\/span><\/h2><\/div><div class=\"clear\"><\/div><\/div><div class=\"uncode_text_column\" ><p><a href=\"https:\/\/jalix.fr\/en\/it-services\/microsoft-azure\/\">Microsoft Azure<\/a> is a cloud platform that has everything a company needs to manage some or all of its IT operations virtually: servers, storage, databases, networks, statistics and much more.<\/p>\n<\/div><div class=\"empty-space empty-single\" ><span class=\"empty-space-inner\"><\/span><\/div>\n<\/div><\/div><\/div><\/div><\/div><script id=\"script-row-unique-3\" data-row=\"script-row-unique-3\" type=\"text\/javascript\" class=\"vc_controls\">UNCODE.initRow(document.getElementById(\"row-unique-3\"));<\/script><\/div><\/div><\/div><div data-parent=\"true\" class=\"vc_row inverted-device-order has-bg need-focus style-color-xsdn-bg row-container\" id=\"row-unique-4\"><div class=\"row unequal col-double-gutter quad-top-padding quad-bottom-padding quad-h-padding full-width row-parent\"><div class=\"wpb_row row-inner\"><div class=\"wpb_column pos-middle pos-right align_left column_parent col-lg-6 half-internal-gutter z_index_2\"><div class=\"uncol style-light font-613363 animate_when_almost_visible alpha-anim\"  data-delay=\"200\" data-speed=\"1000\"><div class=\"uncoltable\"><div class=\"uncell no-block-padding\" ><div class=\"uncont\" style=\" max-width:624px;\" ><div class=\"vc_custom_heading_wrap\"><div class=\"heading-text el-text\" ><h2 class=\"font-339240 fontsize-155944\" ><span>Who uses Microsoft Azure Cloud?<\/span><\/h2><\/div><div class=\"clear\"><\/div><\/div><div class=\"uncode_text_column\" ><p>Companies of all sizes are finding it useful to use a public cloud, and many are choosing <strong>Microsoft Azure Cloud<\/strong>.<\/p>\n<p><strong>Microsoft Azure Cloud<\/strong>\u00a0is also attractive to many small and medium-sized enterprises. This is because it allows SMEs to avoid huge expenses for equipment purchases; it also takes the work out of upgrading and maintenance, as small organisations don't always have in-house IT experts to help them. And because Azure makes it easy to add or remove IT resources in minutes instead of hours (or days!), it provides greater flexibility that businesses simply wouldn't have with a traditional on-premises data centre.<\/p>\n<\/div><\/div><\/div><\/div><\/div><\/div><div class=\"wpb_column pos-top pos-center align_left column_parent col-lg-6 single-internal-gutter\"><div class=\"uncol style-light animate_when_almost_visible right-t-left\"  data-speed=\"1000\"><div class=\"uncoltable\"><div class=\"uncell no-block-padding\" ><div class=\"uncont\" ><div class=\"uncode_text_column\" ><p><iframe title=\"How does Microsoft Azure work?\" width=\"840\" height=\"473\" src=\"https:\/\/www.youtube.com\/embed\/KXkBZCe699A?feature=oembed&#038;width=840&#038;height=1000&#038;discover=1\" frameborder=\"0\" allow=\"accelerometer; autoplay; clipboard-write; encrypted-media; gyroscope; picture-in-picture\" allowfullscreen><\/iframe><\/p>\n<\/div><\/div><\/div><\/div><\/div><\/div><script id=\"script-row-unique-4\" data-row=\"script-row-unique-4\" type=\"text\/javascript\" class=\"vc_controls\">UNCODE.initRow(document.getElementById(\"row-unique-4\"));<\/script><\/div><\/div><\/div>\n<\/div>","protected":false},"excerpt":{"rendered":"Microsoft Azure CloudSecure, reliable hosting that adapts to your needs Microsoft Azure CloudAdopt a multi-cloud strategy 90% of the [...]","protected":false},"author":1,"featured_media":0,"parent":111835,"menu_order":0,"comment_status":"closed","ping_status":"closed","template":"","meta":{"footnotes":""},"class_list":["post-111837","page","type-page","status-publish","hentry"],"yoast_head":"<!-- This site is optimized with the Yoast SEO plugin v27.0 - https:\/\/yoast.com\/product\/yoast-seo-wordpress\/ -->\n<title>Microsoft Azure Cloud &#187; Jalix SI PME Ile de France, Hauts de France, Rh\u00f4ne-Alpes<\/title>\n<meta name=\"description\" content=\"Microsoft Azure Cloud : Pour permettre une transition vers le Cloud en tout s\u00e9r\u00e9nit\u00e9, adoptez une strat\u00e9gie multi-cloud et hybride comme 75% des moyennes et grandes entreprises.\" \/>\n<meta name=\"robots\" content=\"index, follow, max-snippet:-1, max-image-preview:large, max-video-preview:-1\" \/>\n<link rel=\"canonical\" href=\"https:\/\/jalix.fr\/en\/it-services\/microsoft-azure-cloud\/\" \/>\n<meta property=\"og:locale\" content=\"en_GB\" \/>\n<meta property=\"og:type\" content=\"article\" \/>\n<meta property=\"og:title\" content=\"Microsoft Azure Cloud &#187; Jalix SI PME Ile de France, Hauts de France, Rh\u00f4ne-Alpes\" \/>\n<meta property=\"og:description\" content=\"Microsoft Azure Cloud : Pour permettre une transition vers le Cloud en tout s\u00e9r\u00e9nit\u00e9, adoptez une strat\u00e9gie multi-cloud et hybride comme 75% des moyennes et grandes entreprises.\" \/>\n<meta property=\"og:url\" content=\"https:\/\/jalix.fr\/en\/it-services\/microsoft-azure-cloud\/\" \/>\n<meta property=\"og:site_name\" content=\"Jalix SI PME Ile de France, Hauts de France, Rh\u00f4ne-Alpes\" \/>\n<meta property=\"article:publisher\" content=\"https:\/\/fr-fr.facebook.com\/JalixServices\" \/>\n<meta property=\"article:modified_time\" content=\"2022-12-02T01:50:58+00:00\" \/>\n<meta name=\"twitter:card\" content=\"summary_large_image\" \/>\n<meta name=\"twitter:site\" content=\"@JalixServices\" \/>\n<meta name=\"twitter:label1\" content=\"Estimated reading time\" \/>\n\t<meta name=\"twitter:data1\" content=\"6 minutes\" \/>\n<script type=\"application\/ld+json\" class=\"yoast-schema-graph\">{\"@context\":\"https:\/\/schema.org\",\"@graph\":[{\"@type\":\"WebPage\",\"@id\":\"https:\/\/jalix.fr\/services-it\/microsoft-azure-cloud\/\",\"url\":\"https:\/\/jalix.fr\/services-it\/microsoft-azure-cloud\/\",\"name\":\"Microsoft Azure Cloud &#187; Jalix SI PME Ile de France, Hauts de France, Rh\u00f4ne-Alpes\",\"isPartOf\":{\"@id\":\"https:\/\/jalix.fr\/#website\"},\"datePublished\":\"2022-08-25T21:54:45+00:00\",\"dateModified\":\"2022-12-02T01:50:58+00:00\",\"description\":\"Microsoft Azure Cloud : Pour permettre une transition vers le Cloud en tout s\u00e9r\u00e9nit\u00e9, adoptez une strat\u00e9gie multi-cloud et hybride comme 75% des moyennes et grandes entreprises.\",\"breadcrumb\":{\"@id\":\"https:\/\/jalix.fr\/services-it\/microsoft-azure-cloud\/#breadcrumb\"},\"inLanguage\":\"en-GB\",\"potentialAction\":[{\"@type\":\"ReadAction\",\"target\":[\"https:\/\/jalix.fr\/services-it\/microsoft-azure-cloud\/\"]}]},{\"@type\":\"BreadcrumbList\",\"@id\":\"https:\/\/jalix.fr\/services-it\/microsoft-azure-cloud\/#breadcrumb\",\"itemListElement\":[{\"@type\":\"ListItem\",\"position\":1,\"name\":\"Accueil\",\"item\":\"https:\/\/jalix.fr\/\"},{\"@type\":\"ListItem\",\"position\":2,\"name\":\"Services\",\"item\":\"https:\/\/jalix.fr\/services-it\/\"},{\"@type\":\"ListItem\",\"position\":3,\"name\":\"Microsoft Azure Cloud\"}]},{\"@type\":\"WebSite\",\"@id\":\"https:\/\/jalix.fr\/#website\",\"url\":\"https:\/\/jalix.fr\/\",\"name\":\"Jalix SI PME Ile de France, Hauts de France, Rh\u00f4ne-Alpes\",\"description\":\"Votre partenaire informatique, bureautique, cloud et logiciels\",\"publisher\":{\"@id\":\"https:\/\/jalix.fr\/#organization\"},\"potentialAction\":[{\"@type\":\"SearchAction\",\"target\":{\"@type\":\"EntryPoint\",\"urlTemplate\":\"https:\/\/jalix.fr\/?s={search_term_string}\"},\"query-input\":{\"@type\":\"PropertyValueSpecification\",\"valueRequired\":true,\"valueName\":\"search_term_string\"}}],\"inLanguage\":\"en-GB\"},{\"@type\":\"Organization\",\"@id\":\"https:\/\/jalix.fr\/#organization\",\"name\":\"Jalix SI PME Ile de France, Hauts de France, Rh\u00f4ne-Alpes\",\"url\":\"https:\/\/jalix.fr\/\",\"logo\":{\"@type\":\"ImageObject\",\"inLanguage\":\"en-GB\",\"@id\":\"https:\/\/jalix.fr\/#\/schema\/logo\/image\/\",\"url\":\"https:\/\/jalix.fr\/wp-content\/uploads\/2022\/08\/Logo-Mono-fonce\u0301-1.png\",\"contentUrl\":\"https:\/\/jalix.fr\/wp-content\/uploads\/2022\/08\/Logo-Mono-fonce\u0301-1.png\",\"width\":150,\"height\":60,\"caption\":\"Jalix SI PME Ile de France, Hauts de France, Rh\u00f4ne-Alpes\"},\"image\":{\"@id\":\"https:\/\/jalix.fr\/#\/schema\/logo\/image\/\"},\"sameAs\":[\"https:\/\/fr-fr.facebook.com\/JalixServices\",\"https:\/\/x.com\/JalixServices\"]}]}<\/script>\n<!-- \/ Yoast SEO plugin. -->","yoast_head_json":{"title":"Microsoft Azure Cloud \" Jalix SI PME Ile de France, Hauts de France, Rh\u00f4ne-Alpes","description":"Microsoft Azure Cloud: To enable a smooth transition to the cloud, adopt a multi-cloud and hybrid strategy like 75% for medium and large enterprises.","robots":{"index":"index","follow":"follow","max-snippet":"max-snippet:-1","max-image-preview":"max-image-preview:large","max-video-preview":"max-video-preview:-1"},"canonical":"https:\/\/jalix.fr\/en\/it-services\/microsoft-azure-cloud\/","og_locale":"en_GB","og_type":"article","og_title":"Microsoft Azure Cloud &#187; Jalix SI PME Ile de France, Hauts de France, Rh\u00f4ne-Alpes","og_description":"Microsoft Azure Cloud : Pour permettre une transition vers le Cloud en tout s\u00e9r\u00e9nit\u00e9, adoptez une strat\u00e9gie multi-cloud et hybride comme 75% des moyennes et grandes entreprises.","og_url":"https:\/\/jalix.fr\/en\/it-services\/microsoft-azure-cloud\/","og_site_name":"Jalix SI PME Ile de France, Hauts de France, Rh\u00f4ne-Alpes","article_publisher":"https:\/\/fr-fr.facebook.com\/JalixServices","article_modified_time":"2022-12-02T01:50:58+00:00","twitter_card":"summary_large_image","twitter_site":"@JalixServices","twitter_misc":{"Estimated reading time":"6 minutes"},"schema":{"@context":"https:\/\/schema.org","@graph":[{"@type":"WebPage","@id":"https:\/\/jalix.fr\/services-it\/microsoft-azure-cloud\/","url":"https:\/\/jalix.fr\/services-it\/microsoft-azure-cloud\/","name":"Microsoft Azure Cloud \" Jalix SI PME Ile de France, Hauts de France, Rh\u00f4ne-Alpes","isPartOf":{"@id":"https:\/\/jalix.fr\/#website"},"datePublished":"2022-08-25T21:54:45+00:00","dateModified":"2022-12-02T01:50:58+00:00","description":"Microsoft Azure Cloud: To enable a smooth transition to the cloud, adopt a multi-cloud and hybrid strategy like 75% for medium and large enterprises.","breadcrumb":{"@id":"https:\/\/jalix.fr\/services-it\/microsoft-azure-cloud\/#breadcrumb"},"inLanguage":"en-GB","potentialAction":[{"@type":"ReadAction","target":["https:\/\/jalix.fr\/services-it\/microsoft-azure-cloud\/"]}]},{"@type":"BreadcrumbList","@id":"https:\/\/jalix.fr\/services-it\/microsoft-azure-cloud\/#breadcrumb","itemListElement":[{"@type":"ListItem","position":1,"name":"Accueil","item":"https:\/\/jalix.fr\/"},{"@type":"ListItem","position":2,"name":"Services","item":"https:\/\/jalix.fr\/services-it\/"},{"@type":"ListItem","position":3,"name":"Microsoft Azure Cloud"}]},{"@type":"WebSite","@id":"https:\/\/jalix.fr\/#website","url":"https:\/\/jalix.fr\/","name":"Jalix SI PME Ile de France, Hauts de France, Rh\u00f4ne-Alpes","description":"Your IT, office, cloud and software partner","publisher":{"@id":"https:\/\/jalix.fr\/#organization"},"potentialAction":[{"@type":"SearchAction","target":{"@type":"EntryPoint","urlTemplate":"https:\/\/jalix.fr\/?s={search_term_string}"},"query-input":{"@type":"PropertyValueSpecification","valueRequired":true,"valueName":"search_term_string"}}],"inLanguage":"en-GB"},{"@type":"Organization","@id":"https:\/\/jalix.fr\/#organization","name":"Jalix SI PME Ile de France, Hauts de France, Rh\u00f4ne-Alpes","url":"https:\/\/jalix.fr\/","logo":{"@type":"ImageObject","inLanguage":"en-GB","@id":"https:\/\/jalix.fr\/#\/schema\/logo\/image\/","url":"https:\/\/jalix.fr\/wp-content\/uploads\/2022\/08\/Logo-Mono-fonce\u0301-1.png","contentUrl":"https:\/\/jalix.fr\/wp-content\/uploads\/2022\/08\/Logo-Mono-fonce\u0301-1.png","width":150,"height":60,"caption":"Jalix SI PME Ile de France, Hauts de France, Rh\u00f4ne-Alpes"},"image":{"@id":"https:\/\/jalix.fr\/#\/schema\/logo\/image\/"},"sameAs":["https:\/\/fr-fr.facebook.com\/JalixServices","https:\/\/x.com\/JalixServices"]}]}},"_links":{"self":[{"href":"https:\/\/jalix.fr\/en\/wp-json\/wp\/v2\/pages\/111837","targetHints":{"allow":["GET"]}}],"collection":[{"href":"https:\/\/jalix.fr\/en\/wp-json\/wp\/v2\/pages"}],"about":[{"href":"https:\/\/jalix.fr\/en\/wp-json\/wp\/v2\/types\/page"}],"author":[{"embeddable":true,"href":"https:\/\/jalix.fr\/en\/wp-json\/wp\/v2\/users\/1"}],"replies":[{"embeddable":true,"href":"https:\/\/jalix.fr\/en\/wp-json\/wp\/v2\/comments?post=111837"}],"version-history":[{"count":5,"href":"https:\/\/jalix.fr\/en\/wp-json\/wp\/v2\/pages\/111837\/revisions"}],"predecessor-version":[{"id":112981,"href":"https:\/\/jalix.fr\/en\/wp-json\/wp\/v2\/pages\/111837\/revisions\/112981"}],"up":[{"embeddable":true,"href":"https:\/\/jalix.fr\/en\/wp-json\/wp\/v2\/pages\/111835"}],"wp:attachment":[{"href":"https:\/\/jalix.fr\/en\/wp-json\/wp\/v2\/media?parent=111837"}],"curies":[{"name":"wp","href":"https:\/\/api.w.org\/{rel}","templated":true}]}}