{"id":88585,"date":"2021-03-18T14:15:30","date_gmt":"2021-03-18T13:15:30","guid":{"rendered":"https:\/\/undsgn.com\/uncode\/?page_id=88585"},"modified":"2023-11-29T17:27:06","modified_gmt":"2023-11-29T16:27:06","slug":"contact","status":"publish","type":"page","link":"https:\/\/jalix.fr\/en\/contact\/","title":{"rendered":"Contact"},"content":{"rendered":"<div class=\"wpb-content-wrapper\"><div data-parent=\"true\" class=\"vc_row has-bg need-focus style-color-483103-bg row-container with-parallax\" id=\"row-unique-0\"><div class=\"row-background background-element\">\n\t\t\t\t\t\t\t\t\t\t\t<div class=\"background-wrapper\">\n\t\t\t\t\t\t\t\t\t\t\t\t<div class=\"background-inner\" style=\"background-image: url(https:\/\/jalix.fr\/wp-content\/uploads\/2022\/08\/Confiance-4.jpg);background-repeat: no-repeat;background-position: center bottom;background-size: cover;\"><\/div>\n\t\t\t\t\t\t\t\t\t\t\t\t<div class=\"block-bg-overlay style-color-105898-bg\" style=\"opacity: 0.35;\"><\/div>\n\t\t\t\t\t\t\t\t\t\t\t<\/div>\n\t\t\t\t\t\t\t\t\t\t<\/div><div class=\"row limit-width row-parent\" data-height-ratio=\"75\"><div class=\"wpb_row row-inner\"><div class=\"wpb_column pos-middle pos-center align_center column_parent col-lg-12 half-internal-gutter\"><div class=\"uncol style-spec style-dark\"  ><div class=\"uncoltable\"><div class=\"uncell\" ><div class=\"uncont no-block-padding col-custom-width\" style=\" max-width:996px;\" ><div class=\"vc_custom_heading_wrap\"><div class=\"heading-text el-text\" ><h5 class=\"fontsize-160000 fontspace-135905 text-uppercase\" ><span>Contact<\/span><\/h5><\/div><div class=\"clear\"><\/div><\/div><div class=\"vc_custom_heading_wrap\"><div class=\"heading-text el-text\" ><h1 class=\"font-339240 fontsize-338686\" ><span>Do you have a project? Let's talk about it together!<\/span><\/h1><\/div><div class=\"clear\"><\/div><\/div><div class=\"empty-space empty-single\" ><span class=\"empty-space-inner\"><\/span><\/div>\n<\/div><\/div><\/div><\/div><\/div><script id=\"script-row-unique-0\" data-row=\"script-row-unique-0\" type=\"text\/javascript\" class=\"vc_controls\">UNCODE.initRow(document.getElementById(\"row-unique-0\"));<\/script><\/div><\/div><\/div><div data-parent=\"true\" class=\"vc_row has-bg need-focus style-color-lxmt-bg row-container\" id=\"row-unique-1\"><div class=\"row unequal col-double-gutter quad-top-padding quad-bottom-padding single-h-padding limit-width row-parent\"><div class=\"wpb_row row-inner\"><div class=\"wpb_column pos-middle pos-center align_left column_parent col-lg-8 col-md-50 single-internal-gutter\"><div class=\"uncol style-light\"  ><div class=\"uncoltable\"><div class=\"uncell vc_custom_preserve_tablet double-block-padding style-color-xsdn-bg has-bg\" ><div class=\"uncont\" >\n<div class=\"wpcf7 no-js\" id=\"wpcf7-f22444-o1\" lang=\"en-US\" dir=\"ltr\" data-wpcf7-id=\"22444\">\n<div class=\"screen-reader-response\"><p role=\"status\" aria-live=\"polite\" aria-atomic=\"true\"><\/p> <ul><\/ul><\/div>\n<form action=\"\/en\/wp-json\/wp\/v2\/pages\/88585#wpcf7-f22444-o1\" method=\"post\" class=\"wpcf7-form init input-background\" aria-label=\"Contact form\" novalidate=\"novalidate\" data-status=\"init\" data-trp-original-action=\"\/en\/wp-json\/wp\/v2\/pages\/88585#wpcf7-f22444-o1\">\n<fieldset class=\"hidden-fields-container\"><input type=\"hidden\" name=\"_wpcf7\" value=\"22444\" \/><input type=\"hidden\" name=\"_wpcf7_version\" value=\"6.1.5\" \/><input type=\"hidden\" name=\"_wpcf7_locale\" value=\"en_US\" \/><input type=\"hidden\" name=\"_wpcf7_unit_tag\" value=\"wpcf7-f22444-o1\" \/><input type=\"hidden\" name=\"_wpcf7_container_post\" value=\"0\" \/><input type=\"hidden\" name=\"_wpcf7_posted_data_hash\" value=\"\" \/><input type=\"hidden\" name=\"_wpcf7_recaptcha_response\" value=\"\" \/>\n<\/fieldset>\n<p>Full name *\n<\/p>\n<p><span class=\"wpcf7-form-control-wrap\" data-name=\"nom\"><input size=\"40\" maxlength=\"400\" class=\"wpcf7-form-control wpcf7-text wpcf7-validates-as-required form-fluid\" aria-required=\"true\" aria-invalid=\"false\" value=\"\" type=\"text\" name=\"nom\" \/><\/span>\n<\/p>\n<p>Email *\n<\/p>\n<p><span class=\"wpcf7-form-control-wrap\" data-name=\"email\"><input size=\"40\" maxlength=\"400\" class=\"wpcf7-form-control wpcf7-email wpcf7-validates-as-required wpcf7-text wpcf7-validates-as-email form-fluid\" aria-required=\"true\" aria-invalid=\"false\" value=\"\" type=\"email\" name=\"email\" \/><\/span>\n<\/p>\n<p>Telephone\n<\/p>\n<p><span class=\"wpcf7-form-control-wrap\" data-name=\"phone\"><input size=\"40\" maxlength=\"400\" class=\"wpcf7-form-control wpcf7-text wpcf7-validates-as-required form-fluid\" aria-required=\"true\" aria-invalid=\"false\" value=\"\" type=\"text\" name=\"phone\" \/><\/span>\n<\/p>\n<p>Company\n<\/p>\n<p><span class=\"wpcf7-form-control-wrap\" data-name=\"societe\"><input size=\"40\" maxlength=\"400\" class=\"wpcf7-form-control wpcf7-text wpcf7-validates-as-required form-fluid\" aria-required=\"true\" aria-invalid=\"false\" value=\"\" type=\"text\" name=\"societe\" \/><\/span>\n<\/p>\n<p>Message\n<\/p>\n<p><span class=\"wpcf7-form-control-wrap\" data-name=\"your-message\"><textarea cols=\"40\" rows=\"8\" maxlength=\"2000\" class=\"wpcf7-form-control wpcf7-textarea\" aria-invalid=\"false\" name=\"your-message\"><\/textarea><\/span>\n<\/p>\n<p><span class=\"wpcf7-form-control-wrap\" data-name=\"checkbox-550\"><span class=\"wpcf7-form-control wpcf7-checkbox wpcf7-validates-as-required\"><span class=\"wpcf7-list-item first last\"><input type=\"checkbox\" name=\"checkbox-550[]\" value=\"En soumettant ce formulaire, j&#039;accepte que les informations saisies dans ce formulaire soient utilis\u00e9es pour permettre de me recontacter dans le cadre de la relation commerciale qui d\u00e9coule de cette demande.\" \/><span class=\"wpcf7-list-item-label\">By submitting this form, I agree that the information entered in this form may be used to contact me in the context of the commercial relationship resulting from this request.<\/span><\/span><\/span><\/span><br \/>\n<small>In accordance with the French law on information technology and civil liberties of 6 January 1978, amended in 2004, you have the right to access and rectify information concerning you, which you can exercise by contacting us.<\/small>\n<\/p>\n<p><input class=\"wpcf7-form-control wpcf7-submit has-spinner btn btn-accent btn-lg\" type=\"submit\" value=\"Send\" \/>\n<\/p><input type='hidden' class='wpcf7-pum' value='{\"closepopup\":false,\"closedelay\":0,\"openpopup\":false,\"openpopup_id\":0}' \/><div class=\"wpcf7-response-output\" aria-hidden=\"true\"><\/div>\n<input type=\"hidden\" name=\"trp-form-language\" value=\"en\"\/><\/form>\n<\/div>\n<\/div><\/div><\/div><\/div><\/div><div class=\"wpb_column pos-top pos-center align_left column_parent col-lg-4 col-md-50 half-internal-gutter\"><div class=\"uncol style-light\"  ><div class=\"uncoltable\"><div class=\"uncell vc_custom_preserve_tablet no-block-padding\" ><div class=\"uncont\" ><div class=\"vc_custom_heading_wrap\"><div class=\"heading-text el-text\" ><h2 class=\"font-339240 fontsize-155944\" ><span>Together, everything is possible!<\/span><\/h2><\/div><div class=\"clear\"><\/div><\/div><div class=\"empty-space empty-half\" ><span class=\"empty-space-inner\"><\/span><\/div>\n<div class=\"uncode_text_column\" ><p>8, avenue Flandres Dunkerque<br \/>\nBuilding 8FD<br \/>\nBat. B - 1st floor<br \/>\n60200 Compiegne - France<\/p>\n<\/div><div class=\"empty-space empty-half\" ><span class=\"empty-space-inner\"><\/span><\/div>\n<div class=\"uncode_text_column\" ><p>4, Rue Chantemerle<br \/>\n74100 Ville La Grand - France<\/p>\n<\/div><div class=\"empty-space empty-half\" ><span class=\"empty-space-inner\"><\/span><\/div>\n<div class=\"uncode_text_column text-accent-color\" ><p><a href=\"tel:+33362613860\">+33 (0)3 62 61 38 60<\/a><\/p>\n<\/div><div class=\"uncode_text_column text-accent-color\" ><p><a href=\"mailto:contact@jalix-services.com\">contact@jalix-services.com<\/a><\/p>\n<\/div><div class=\"empty-space empty-half\" ><span class=\"empty-space-inner\"><\/span><\/div>\n<div class=\"uncode-vc-social  icons-lead\"><div class=\"social-icon icon-box icon-box-top icon-inline\" ><a href=\"https:\/\/www.linkedin.com\/company\/jalix\" role=\"button\" target=\"_blank\"><i class=\"fa fa-linkedin-square\"><\/i><\/a><\/div><div class=\"social-icon icon-box icon-box-top icon-inline\" ><a href=\"https:\/\/www.youtube.com\/@JalixSASVideo\" role=\"button\" target=\"_blank\"><i class=\"fa fa-youtube\"><\/i><\/a><\/div><\/div><\/div><\/div><\/div><\/div><\/div><script id=\"script-row-unique-1\" data-row=\"script-row-unique-1\" type=\"text\/javascript\" class=\"vc_controls\">UNCODE.initRow(document.getElementById(\"row-unique-1\"));<\/script><\/div><\/div><\/div><div data-parent=\"true\" class=\"vc_row has-bg need-focus style-color-rgdb-bg row-container\" id=\"row-unique-2\"><div class=\"row no-top-padding no-bottom-padding no-h-padding full-width row-parent\" data-height-ratio=\"50\"><div class=\"wpb_row row-inner\"><div class=\"wpb_column pos-top pos-center align_left column_parent col-lg-12 single-internal-gutter\"><div class=\"uncol style-light unexpand\"  ><div class=\"uncoltable\" style=\"min-height: 380px;\"><div class=\"uncell no-block-padding\" ><div class=\"uncont\" >\n\t<div class=\"wpb_raw_code wpb_raw_html\" >\n\t\t<div class=\"wpb_wrapper\">\n\t\t\t<iframe src=\"https:\/\/www.google.com\/maps\/embed?pb=!1m18!1m12!1m3!1d2605.4973181165774!2d2.8971871163204397!3d49.229059679325445!2m3!1f0!2f0!3f0!3m2!1i1024!2i768!4f13.1!3m3!1m2!1s0x47e883cc490d925f%3A0xeabcde4df524c770!2sJalix!5e0!3m2!1sfr!2sch!4v1661293866975!5m2!1sfr!2sch\" width=\"600\" height=\"600\" style=\"border:0;\" allowfullscreen=\"\" loading=\"lazy\" referrerpolicy=\"no-referrer-when-downgrade\"><\/iframe>\n\t\t<\/div>\n\t<\/div>\n<\/div><\/div><\/div><\/div><\/div><script id=\"script-row-unique-2\" data-row=\"script-row-unique-2\" type=\"text\/javascript\" class=\"vc_controls\">UNCODE.initRow(document.getElementById(\"row-unique-2\"));<\/script><\/div><\/div><\/div>\n<\/div>","protected":false},"excerpt":{"rendered":"ContactVous avez un projet\u00a0? Parlons en ensemble\u00a0! Nom et pr\u00e9nom * Email * T\u00e9l\u00e9phone Soci\u00e9t\u00e9 Message En soumettant ce formulaire, [...]","protected":false},"author":1,"featured_media":0,"parent":0,"menu_order":0,"comment_status":"closed","ping_status":"closed","template":"","meta":{"footnotes":""},"class_list":["post-88585","page","type-page","status-publish","hentry"],"yoast_head":"<!-- This site is optimized with the Yoast SEO plugin v27.3 - https:\/\/yoast.com\/product\/yoast-seo-wordpress\/ -->\n<title>Contact &#187; Jalix SI PME Ile de France, Hauts de France, Rh\u00f4ne-Alpes<\/title>\n<meta name=\"robots\" content=\"index, follow, max-snippet:-1, max-image-preview:large, max-video-preview:-1\" \/>\n<link rel=\"canonical\" href=\"https:\/\/jalix.fr\/en\/contact\/\" \/>\n<meta property=\"og:locale\" content=\"en_GB\" \/>\n<meta property=\"og:type\" content=\"article\" \/>\n<meta property=\"og:title\" content=\"Contact &#187; Jalix SI PME Ile de France, Hauts de France, Rh\u00f4ne-Alpes\" \/>\n<meta property=\"og:url\" content=\"https:\/\/jalix.fr\/en\/contact\/\" \/>\n<meta property=\"og:site_name\" content=\"Jalix SI PME Ile de France, Hauts de France, Rh\u00f4ne-Alpes\" \/>\n<meta property=\"article:publisher\" content=\"https:\/\/fr-fr.facebook.com\/JalixServices\" \/>\n<meta property=\"article:modified_time\" content=\"2023-11-29T16:27:06+00:00\" \/>\n<meta name=\"twitter:card\" content=\"summary_large_image\" \/>\n<meta name=\"twitter:site\" content=\"@JalixServices\" \/>\n<meta name=\"twitter:label1\" content=\"Estimated reading time\" \/>\n\t<meta name=\"twitter:data1\" content=\"3 minutes\" \/>\n<script type=\"application\/ld+json\" class=\"yoast-schema-graph\">{\"@context\":\"https:\\\/\\\/schema.org\",\"@graph\":[{\"@type\":\"WebPage\",\"@id\":\"https:\\\/\\\/jalix.fr\\\/contact\\\/\",\"url\":\"https:\\\/\\\/jalix.fr\\\/contact\\\/\",\"name\":\"Contact &#187; Jalix SI PME Ile de France, Hauts de France, Rh\u00f4ne-Alpes\",\"isPartOf\":{\"@id\":\"https:\\\/\\\/jalix.fr\\\/#website\"},\"datePublished\":\"2021-03-18T13:15:30+00:00\",\"dateModified\":\"2023-11-29T16:27:06+00:00\",\"breadcrumb\":{\"@id\":\"https:\\\/\\\/jalix.fr\\\/contact\\\/#breadcrumb\"},\"inLanguage\":\"en-GB\",\"potentialAction\":[{\"@type\":\"ReadAction\",\"target\":[\"https:\\\/\\\/jalix.fr\\\/contact\\\/\"]}]},{\"@type\":\"BreadcrumbList\",\"@id\":\"https:\\\/\\\/jalix.fr\\\/contact\\\/#breadcrumb\",\"itemListElement\":[{\"@type\":\"ListItem\",\"position\":1,\"name\":\"Accueil\",\"item\":\"https:\\\/\\\/jalix.fr\\\/\"},{\"@type\":\"ListItem\",\"position\":2,\"name\":\"Contact\"}]},{\"@type\":\"WebSite\",\"@id\":\"https:\\\/\\\/jalix.fr\\\/#website\",\"url\":\"https:\\\/\\\/jalix.fr\\\/\",\"name\":\"Jalix SI PME Ile de France, Hauts de France, Rh\u00f4ne-Alpes\",\"description\":\"Votre partenaire informatique, bureautique, cloud et logiciels\",\"publisher\":{\"@id\":\"https:\\\/\\\/jalix.fr\\\/#organization\"},\"potentialAction\":[{\"@type\":\"SearchAction\",\"target\":{\"@type\":\"EntryPoint\",\"urlTemplate\":\"https:\\\/\\\/jalix.fr\\\/?s={search_term_string}\"},\"query-input\":{\"@type\":\"PropertyValueSpecification\",\"valueRequired\":true,\"valueName\":\"search_term_string\"}}],\"inLanguage\":\"en-GB\"},{\"@type\":\"Organization\",\"@id\":\"https:\\\/\\\/jalix.fr\\\/#organization\",\"name\":\"Jalix SI PME Ile de France, Hauts de France, Rh\u00f4ne-Alpes\",\"url\":\"https:\\\/\\\/jalix.fr\\\/\",\"logo\":{\"@type\":\"ImageObject\",\"inLanguage\":\"en-GB\",\"@id\":\"https:\\\/\\\/jalix.fr\\\/#\\\/schema\\\/logo\\\/image\\\/\",\"url\":\"https:\\\/\\\/jalix.fr\\\/wp-content\\\/uploads\\\/2022\\\/08\\\/Logo-Mono-fonce\u0301-1.png\",\"contentUrl\":\"https:\\\/\\\/jalix.fr\\\/wp-content\\\/uploads\\\/2022\\\/08\\\/Logo-Mono-fonce\u0301-1.png\",\"width\":150,\"height\":60,\"caption\":\"Jalix SI PME Ile de France, Hauts de France, Rh\u00f4ne-Alpes\"},\"image\":{\"@id\":\"https:\\\/\\\/jalix.fr\\\/#\\\/schema\\\/logo\\\/image\\\/\"},\"sameAs\":[\"https:\\\/\\\/fr-fr.facebook.com\\\/JalixServices\",\"https:\\\/\\\/x.com\\\/JalixServices\"]}]}<\/script>\n<!-- \/ Yoast SEO plugin. -->","yoast_head_json":{"title":"Contact \" Jalix SI PME Ile de France, Hauts de France, Rh\u00f4ne-Alpes","robots":{"index":"index","follow":"follow","max-snippet":"max-snippet:-1","max-image-preview":"max-image-preview:large","max-video-preview":"max-video-preview:-1"},"canonical":"https:\/\/jalix.fr\/en\/contact\/","og_locale":"en_GB","og_type":"article","og_title":"Contact &#187; Jalix SI PME Ile de France, Hauts de France, Rh\u00f4ne-Alpes","og_url":"https:\/\/jalix.fr\/en\/contact\/","og_site_name":"Jalix SI PME Ile de France, Hauts de France, Rh\u00f4ne-Alpes","article_publisher":"https:\/\/fr-fr.facebook.com\/JalixServices","article_modified_time":"2023-11-29T16:27:06+00:00","twitter_card":"summary_large_image","twitter_site":"@JalixServices","twitter_misc":{"Estimated reading time":"3 minutes"},"schema":{"@context":"https:\/\/schema.org","@graph":[{"@type":"WebPage","@id":"https:\/\/jalix.fr\/contact\/","url":"https:\/\/jalix.fr\/contact\/","name":"Contact \" Jalix SI PME Ile de France, Hauts de France, Rh\u00f4ne-Alpes","isPartOf":{"@id":"https:\/\/jalix.fr\/#website"},"datePublished":"2021-03-18T13:15:30+00:00","dateModified":"2023-11-29T16:27:06+00:00","breadcrumb":{"@id":"https:\/\/jalix.fr\/contact\/#breadcrumb"},"inLanguage":"en-GB","potentialAction":[{"@type":"ReadAction","target":["https:\/\/jalix.fr\/contact\/"]}]},{"@type":"BreadcrumbList","@id":"https:\/\/jalix.fr\/contact\/#breadcrumb","itemListElement":[{"@type":"ListItem","position":1,"name":"Accueil","item":"https:\/\/jalix.fr\/"},{"@type":"ListItem","position":2,"name":"Contact"}]},{"@type":"WebSite","@id":"https:\/\/jalix.fr\/#website","url":"https:\/\/jalix.fr\/","name":"Jalix SI PME Ile de France, Hauts de France, Rh\u00f4ne-Alpes","description":"Your IT, office, cloud and software partner","publisher":{"@id":"https:\/\/jalix.fr\/#organization"},"potentialAction":[{"@type":"SearchAction","target":{"@type":"EntryPoint","urlTemplate":"https:\/\/jalix.fr\/?s={search_term_string}"},"query-input":{"@type":"PropertyValueSpecification","valueRequired":true,"valueName":"search_term_string"}}],"inLanguage":"en-GB"},{"@type":"Organization","@id":"https:\/\/jalix.fr\/#organization","name":"Jalix SI PME Ile de France, Hauts de France, Rh\u00f4ne-Alpes","url":"https:\/\/jalix.fr\/","logo":{"@type":"ImageObject","inLanguage":"en-GB","@id":"https:\/\/jalix.fr\/#\/schema\/logo\/image\/","url":"https:\/\/jalix.fr\/wp-content\/uploads\/2022\/08\/Logo-Mono-fonce\u0301-1.png","contentUrl":"https:\/\/jalix.fr\/wp-content\/uploads\/2022\/08\/Logo-Mono-fonce\u0301-1.png","width":150,"height":60,"caption":"Jalix SI PME Ile de France, Hauts de France, Rh\u00f4ne-Alpes"},"image":{"@id":"https:\/\/jalix.fr\/#\/schema\/logo\/image\/"},"sameAs":["https:\/\/fr-fr.facebook.com\/JalixServices","https:\/\/x.com\/JalixServices"]}]}},"_links":{"self":[{"href":"https:\/\/jalix.fr\/en\/wp-json\/wp\/v2\/pages\/88585","targetHints":{"allow":["GET"]}}],"collection":[{"href":"https:\/\/jalix.fr\/en\/wp-json\/wp\/v2\/pages"}],"about":[{"href":"https:\/\/jalix.fr\/en\/wp-json\/wp\/v2\/types\/page"}],"author":[{"embeddable":true,"href":"https:\/\/jalix.fr\/en\/wp-json\/wp\/v2\/users\/1"}],"replies":[{"embeddable":true,"href":"https:\/\/jalix.fr\/en\/wp-json\/wp\/v2\/comments?post=88585"}],"version-history":[{"count":5,"href":"https:\/\/jalix.fr\/en\/wp-json\/wp\/v2\/pages\/88585\/revisions"}],"predecessor-version":[{"id":113596,"href":"https:\/\/jalix.fr\/en\/wp-json\/wp\/v2\/pages\/88585\/revisions\/113596"}],"wp:attachment":[{"href":"https:\/\/jalix.fr\/en\/wp-json\/wp\/v2\/media?parent=88585"}],"curies":[{"name":"wp","href":"https:\/\/api.w.org\/{rel}","templated":true}]}}